{"id":332,"date":"2023-06-06T03:37:05","date_gmt":"2023-06-06T03:37:05","guid":{"rendered":"https:\/\/meprec.com.co\/maprec\/?page_id=332"},"modified":"2023-06-07T00:21:23","modified_gmt":"2023-06-07T00:21:23","slug":"nosotros","status":"publish","type":"page","link":"https:\/\/meprec.com.co\/maprec\/nosotros\/","title":{"rendered":"Nosotros"},"content":{"rendered":"\t\t<div data-elementor-type=\"wp-page\" data-elementor-id=\"332\" class=\"elementor elementor-332\">\n\t\t\t\t\t\t\t<div class=\"elementor-element elementor-element-ee2b798 e-flex e-con-boxed e-con e-parent\" data-id=\"ee2b798\" data-element_type=\"container\" data-settings=\"{&quot;background_background&quot;:&quot;classic&quot;,&quot;content_width&quot;:&quot;boxed&quot;}\" data-core-v316-plus=\"true\">\n\t\t\t\t\t<div class=\"e-con-inner\">\n\t\t\t\t<div class=\"elementor-element elementor-element-10584dc elementor-invisible elementor-widget elementor-widget-heading\" data-id=\"10584dc\" data-element_type=\"widget\" data-settings=\"{&quot;_animation&quot;:&quot;fadeInUp&quot;}\" data-widget_type=\"heading.default\">\n\t\t\t\t<div class=\"elementor-widget-container\">\n\t\t\t<style>\/*! elementor - v3.16.0 - 09-10-2023 *\/\n.elementor-heading-title{padding:0;margin:0;line-height:1}.elementor-widget-heading .elementor-heading-title[class*=elementor-size-]>a{color:inherit;font-size:inherit;line-height:inherit}.elementor-widget-heading .elementor-heading-title.elementor-size-small{font-size:15px}.elementor-widget-heading .elementor-heading-title.elementor-size-medium{font-size:19px}.elementor-widget-heading .elementor-heading-title.elementor-size-large{font-size:29px}.elementor-widget-heading .elementor-heading-title.elementor-size-xl{font-size:39px}.elementor-widget-heading .elementor-heading-title.elementor-size-xxl{font-size:59px}<\/style><h1 class=\"elementor-heading-title elementor-size-default\">Nosotros<\/h1>\t\t<\/div>\n\t\t\t\t<\/div>\n\t\t\t\t<div class=\"elementor-element elementor-element-64a5196 elementor-invisible elementor-widget elementor-widget-heading\" data-id=\"64a5196\" data-element_type=\"widget\" data-settings=\"{&quot;_animation&quot;:&quot;fadeInUp&quot;}\" data-widget_type=\"heading.default\">\n\t\t\t\t<div class=\"elementor-widget-container\">\n\t\t\t<h2 class=\"elementor-heading-title elementor-size-default\">Empresa l\u00edder en blisteado para la industria farmac\u00e9utica\n<\/h2>\t\t<\/div>\n\t\t\t\t<\/div>\n\t\t\t\t\t<\/div>\n\t\t\t\t<\/div>\n\t\t<div class=\"elementor-element elementor-element-4719a68 e-flex e-con-boxed e-con e-parent\" data-id=\"4719a68\" data-element_type=\"container\" data-settings=\"{&quot;content_width&quot;:&quot;boxed&quot;}\" data-core-v316-plus=\"true\">\n\t\t\t\t\t<div class=\"e-con-inner\">\n\t\t<div class=\"elementor-element elementor-element-17428ce e-flex e-con-boxed elementor-invisible e-con e-parent\" data-id=\"17428ce\" data-element_type=\"container\" data-settings=\"{&quot;animation&quot;:&quot;fadeInLeft&quot;,&quot;content_width&quot;:&quot;boxed&quot;}\" data-core-v316-plus=\"true\">\n\t\t\t\t\t<div class=\"e-con-inner\">\n\t\t\t\t<div class=\"elementor-element elementor-element-c4e2dc4 elementor-widget elementor-widget-image\" data-id=\"c4e2dc4\" data-element_type=\"widget\" data-widget_type=\"image.default\">\n\t\t\t\t<div class=\"elementor-widget-container\">\n\t\t\t<style>\/*! elementor - v3.16.0 - 09-10-2023 *\/\n.elementor-widget-image{text-align:center}.elementor-widget-image a{display:inline-block}.elementor-widget-image a img[src$=\".svg\"]{width:48px}.elementor-widget-image img{vertical-align:middle;display:inline-block}<\/style>\t\t\t\t\t\t\t\t\t\t\t\t<img loading=\"lazy\" decoding=\"async\" width=\"900\" height=\"957\" src=\"https:\/\/meprec.com.co\/maprec\/wp-content\/uploads\/2023\/06\/nosotros-maprec.jpg\" class=\"attachment-large size-large wp-image-335\" alt=\"\" srcset=\"https:\/\/meprec.com.co\/maprec\/wp-content\/uploads\/2023\/06\/nosotros-maprec.jpg 900w, https:\/\/meprec.com.co\/maprec\/wp-content\/uploads\/2023\/06\/nosotros-maprec-282x300.jpg 282w, https:\/\/meprec.com.co\/maprec\/wp-content\/uploads\/2023\/06\/nosotros-maprec-768x817.jpg 768w\" sizes=\"auto, (max-width: 900px) 100vw, 900px\" \/>\t\t\t\t\t\t\t\t\t\t\t\t\t\t\t<\/div>\n\t\t\t\t<\/div>\n\t\t\t\t\t<\/div>\n\t\t\t\t<\/div>\n\t\t<div class=\"elementor-element elementor-element-b31c8e6 e-flex e-con-boxed elementor-invisible e-con e-parent\" data-id=\"b31c8e6\" data-element_type=\"container\" data-settings=\"{&quot;animation&quot;:&quot;fadeInUp&quot;,&quot;content_width&quot;:&quot;boxed&quot;}\" data-core-v316-plus=\"true\">\n\t\t\t\t\t<div class=\"e-con-inner\">\n\t\t\t\t<div class=\"elementor-element elementor-element-ece6503 elementor-widget elementor-widget-heading\" data-id=\"ece6503\" data-element_type=\"widget\" data-widget_type=\"heading.default\">\n\t\t\t\t<div class=\"elementor-widget-container\">\n\t\t\t<h2 class=\"elementor-heading-title elementor-size-default\">Fabricante de herramientas bl\u00edster<\/h2>\t\t<\/div>\n\t\t\t\t<\/div>\n\t\t\t\t<div class=\"elementor-element elementor-element-9880fab elementor-widget elementor-widget-text-editor\" data-id=\"9880fab\" data-element_type=\"widget\" data-widget_type=\"text-editor.default\">\n\t\t\t\t<div class=\"elementor-widget-container\">\n\t\t\t<style>\/*! elementor - v3.16.0 - 09-10-2023 *\/\n.elementor-widget-text-editor.elementor-drop-cap-view-stacked .elementor-drop-cap{background-color:#69727d;color:#fff}.elementor-widget-text-editor.elementor-drop-cap-view-framed .elementor-drop-cap{color:#69727d;border:3px solid;background-color:transparent}.elementor-widget-text-editor:not(.elementor-drop-cap-view-default) .elementor-drop-cap{margin-top:8px}.elementor-widget-text-editor:not(.elementor-drop-cap-view-default) .elementor-drop-cap-letter{width:1em;height:1em}.elementor-widget-text-editor .elementor-drop-cap{float:left;text-align:center;line-height:1;font-size:50px}.elementor-widget-text-editor .elementor-drop-cap-letter{display:inline-block}<\/style>\t\t\t\t<p><strong>Meprec<\/strong> es un fabricante de herramientas bl\u00edster independiente, con tecnolog\u00eda y calidad a nivel mundial. M\u00e1s de 30 a\u00f1os de experiencia nos han dado una maestr\u00eda, tecnolog\u00edas propias, recubrimientos espec\u00edficos para la industria farmac\u00e9utica y ser modelo a seguir de muchas empresas del sector metalmec\u00e1nico.<\/p><p><strong>Meprec<\/strong> fue formada aproximadamente en 1980 por Jos\u00e9 Gabriel Gil Beltr\u00e1n con recursos propios. Con gran esfuerzo, \u00e9tica y profesionalismo, durante los siguientes 15 a\u00f1os logro posicionar a Meprec como un fabricante de herramientas bl\u00edster de alta calidad en Colombia. Desde 1995 Meprec y su segunda generaci\u00f3n inician un proceso de implementaci\u00f3n de tecnolog\u00edas de punta, logrando exportar sus productos a pa\u00edses vecinos. En el a\u00f1o 2005 inicia su relaci\u00f3n con los pa\u00edses de Sur Am\u00e9rica como Argentina y Brasil.<\/p><p><strong>Meprec<\/strong> contin\u00faa manteniendo la invenci\u00f3n en recurso humano y tecnolog\u00edas de punta, consolidando m\u00e1s cada d\u00eda, nuestra capacidad de entregar formatos de ALTA CALIDAD y soluciones innovadoras que permitan que nuestros clientes optimicen su productividad.<\/p>\t\t\t\t\t\t<\/div>\n\t\t\t\t<\/div>\n\t\t\t\t\t<\/div>\n\t\t\t\t<\/div>\n\t\t\t\t\t<\/div>\n\t\t\t\t<\/div>\n\t\t<div class=\"elementor-element elementor-element-2f7f3cd e-flex e-con-boxed e-con e-parent\" data-id=\"2f7f3cd\" data-element_type=\"container\" data-settings=\"{&quot;background_background&quot;:&quot;classic&quot;,&quot;content_width&quot;:&quot;boxed&quot;}\" data-core-v316-plus=\"true\">\n\t\t\t\t\t<div class=\"e-con-inner\">\n\t\t<div class=\"elementor-element elementor-element-b37298f e-flex e-con-boxed elementor-invisible e-con e-parent\" data-id=\"b37298f\" data-element_type=\"container\" data-settings=\"{&quot;animation&quot;:&quot;fadeInUp&quot;,&quot;content_width&quot;:&quot;boxed&quot;}\" data-core-v316-plus=\"true\">\n\t\t\t\t\t<div class=\"e-con-inner\">\n\t\t\t\t<div class=\"elementor-element elementor-element-3c00d0e elementor-widget elementor-widget-heading\" data-id=\"3c00d0e\" data-element_type=\"widget\" data-widget_type=\"heading.default\">\n\t\t\t\t<div class=\"elementor-widget-container\">\n\t\t\t<h2 class=\"elementor-heading-title elementor-size-default\">MISI\u00d3N<\/h2>\t\t<\/div>\n\t\t\t\t<\/div>\n\t\t\t\t<div class=\"elementor-element elementor-element-ece4e59 elementor-widget elementor-widget-text-editor\" data-id=\"ece4e59\" data-element_type=\"widget\" data-widget_type=\"text-editor.default\">\n\t\t\t\t<div class=\"elementor-widget-container\">\n\t\t\t\t\t\t\t<p><strong>Meprec Ltda<\/strong> fabrica todo tipo de herramientas y repuestos para laboratorios farmac\u00e9uticos y empresas afines, bajo normas de calidad total. Brindando a nuestros clientes estricto cumplimiento en consecuci\u00f3n y entregas. Queremos contribuir con la productividad de nuestros clientes, ofreciendo productos y servicios innovadores, competitivos y rentables para as\u00ed garantizar un crecimiento continuo y un desarrollo sostenible.<\/p>\t\t\t\t\t\t<\/div>\n\t\t\t\t<\/div>\n\t\t\t\t\t<\/div>\n\t\t\t\t<\/div>\n\t\t<div class=\"elementor-element elementor-element-e6e1070 e-flex e-con-boxed elementor-invisible e-con e-parent\" data-id=\"e6e1070\" data-element_type=\"container\" data-settings=\"{&quot;animation&quot;:&quot;fadeInRight&quot;,&quot;content_width&quot;:&quot;boxed&quot;}\" data-core-v316-plus=\"true\">\n\t\t\t\t\t<div class=\"e-con-inner\">\n\t\t\t\t<div class=\"elementor-element elementor-element-86606e9 elementor-widget elementor-widget-image\" data-id=\"86606e9\" data-element_type=\"widget\" data-widget_type=\"image.default\">\n\t\t\t\t<div class=\"elementor-widget-container\">\n\t\t\t\t\t\t\t\t\t\t\t\t\t\t\t<img loading=\"lazy\" decoding=\"async\" width=\"900\" height=\"957\" src=\"https:\/\/meprec.com.co\/maprec\/wp-content\/uploads\/2023\/06\/nosotros-maprec-mision.jpg\" class=\"attachment-large size-large wp-image-451\" alt=\"\" srcset=\"https:\/\/meprec.com.co\/maprec\/wp-content\/uploads\/2023\/06\/nosotros-maprec-mision.jpg 900w, https:\/\/meprec.com.co\/maprec\/wp-content\/uploads\/2023\/06\/nosotros-maprec-mision-282x300.jpg 282w, https:\/\/meprec.com.co\/maprec\/wp-content\/uploads\/2023\/06\/nosotros-maprec-mision-768x817.jpg 768w\" sizes=\"auto, (max-width: 900px) 100vw, 900px\" \/>\t\t\t\t\t\t\t\t\t\t\t\t\t\t\t<\/div>\n\t\t\t\t<\/div>\n\t\t\t\t\t<\/div>\n\t\t\t\t<\/div>\n\t\t\t\t\t<\/div>\n\t\t\t\t<\/div>\n\t\t<div class=\"elementor-element elementor-element-431901d e-flex e-con-boxed e-con e-parent\" data-id=\"431901d\" data-element_type=\"container\" data-settings=\"{&quot;content_width&quot;:&quot;boxed&quot;}\" data-core-v316-plus=\"true\">\n\t\t\t\t\t<div class=\"e-con-inner\">\n\t\t<div class=\"elementor-element elementor-element-f5aba14 e-flex e-con-boxed elementor-invisible e-con e-parent\" data-id=\"f5aba14\" data-element_type=\"container\" data-settings=\"{&quot;animation&quot;:&quot;fadeInLeft&quot;,&quot;content_width&quot;:&quot;boxed&quot;}\" data-core-v316-plus=\"true\">\n\t\t\t\t\t<div class=\"e-con-inner\">\n\t\t\t\t<div class=\"elementor-element elementor-element-9e277b0 elementor-widget elementor-widget-heading\" data-id=\"9e277b0\" data-element_type=\"widget\" data-widget_type=\"heading.default\">\n\t\t\t\t<div class=\"elementor-widget-container\">\n\t\t\t<h2 class=\"elementor-heading-title elementor-size-default\">VISI\u00d3N<\/h2>\t\t<\/div>\n\t\t\t\t<\/div>\n\t\t\t\t<div class=\"elementor-element elementor-element-d10d08b elementor-widget elementor-widget-text-editor\" data-id=\"d10d08b\" data-element_type=\"widget\" data-widget_type=\"text-editor.default\">\n\t\t\t\t<div class=\"elementor-widget-container\">\n\t\t\t\t\t\t\t<p>Ser la empresa n\u00famero uno en el sector metalmec\u00e1nico, que presta sus servicios a laboratorios farmac\u00e9uticos y empresas afines. Preferida por nuestros clientes, gracias a la tecnolog\u00eda de punta implementada en nuestros procesos y la alta calidad en nuestros productos, convirti\u00e9ndonos as\u00ed en una empresa de proyecci\u00f3n tanto nacional como internacional.<\/p>\t\t\t\t\t\t<\/div>\n\t\t\t\t<\/div>\n\t\t\t\t\t<\/div>\n\t\t\t\t<\/div>\n\t\t<div class=\"elementor-element elementor-element-2ac9711 e-flex e-con-boxed elementor-invisible e-con e-parent\" data-id=\"2ac9711\" data-element_type=\"container\" data-settings=\"{&quot;animation&quot;:&quot;fadeInRight&quot;,&quot;content_width&quot;:&quot;boxed&quot;}\" data-core-v316-plus=\"true\">\n\t\t\t\t\t<div class=\"e-con-inner\">\n\t\t\t\t<div class=\"elementor-element elementor-element-888df5c elementor-widget elementor-widget-heading\" data-id=\"888df5c\" data-element_type=\"widget\" data-widget_type=\"heading.default\">\n\t\t\t\t<div class=\"elementor-widget-container\">\n\t\t\t<h2 class=\"elementor-heading-title elementor-size-default\">OBJETIVOS<\/h2>\t\t<\/div>\n\t\t\t\t<\/div>\n\t\t\t\t<div class=\"elementor-element elementor-element-88f15c5 elementor-widget elementor-widget-text-editor\" data-id=\"88f15c5\" data-element_type=\"widget\" data-widget_type=\"text-editor.default\">\n\t\t\t\t<div class=\"elementor-widget-container\">\n\t\t\t\t\t\t\t<p>Ser el l\u00edder en Am\u00e9rica en dise\u00f1o, fabricaci\u00f3n y mantenimiento de formatos bl\u00edster y componentes de m\u00e1quinas blisteadoras.<br \/>Mantener de manera continua nuestro buen nombre y reputaci\u00f3n de ser el proveedor de herramientas bl\u00edster preferido por las compa\u00f1\u00edas farmac\u00e9uticas.<br \/>Mantener el liderazgo en el dise\u00f1o y fabricaci\u00f3n de formatos bl\u00edster, usando la tecnolog\u00eda m\u00e1s avanzada.<\/p>\t\t\t\t\t\t<\/div>\n\t\t\t\t<\/div>\n\t\t\t\t\t<\/div>\n\t\t\t\t<\/div>\n\t\t\t\t\t<\/div>\n\t\t\t\t<\/div>\n\t\t\t\t\t\t\t<\/div>\n\t\t","protected":false},"excerpt":{"rendered":"<p>Nosotros Empresa l\u00edder en blisteado para la industria farmac\u00e9utica Fabricante de herramientas bl\u00edster Meprec es un fabricante de herramientas bl\u00edster independiente, con tecnolog\u00eda y calidad a nivel mundial. M\u00e1s de 30 a\u00f1os de experiencia nos han dado una maestr\u00eda, tecnolog\u00edas propias, recubrimientos espec\u00edficos para la industria farmac\u00e9utica y ser modelo a seguir de muchas empresas [&hellip;]<\/p>\n","protected":false},"author":1,"featured_media":0,"parent":0,"menu_order":0,"comment_status":"closed","ping_status":"closed","template":"elementor_header_footer","meta":{"footnotes":""},"class_list":["post-332","page","type-page","status-publish","hentry","entry"],"_links":{"self":[{"href":"https:\/\/meprec.com.co\/maprec\/wp-json\/wp\/v2\/pages\/332","targetHints":{"allow":["GET"]}}],"collection":[{"href":"https:\/\/meprec.com.co\/maprec\/wp-json\/wp\/v2\/pages"}],"about":[{"href":"https:\/\/meprec.com.co\/maprec\/wp-json\/wp\/v2\/types\/page"}],"author":[{"embeddable":true,"href":"https:\/\/meprec.com.co\/maprec\/wp-json\/wp\/v2\/users\/1"}],"replies":[{"embeddable":true,"href":"https:\/\/meprec.com.co\/maprec\/wp-json\/wp\/v2\/comments?post=332"}],"version-history":[{"count":34,"href":"https:\/\/meprec.com.co\/maprec\/wp-json\/wp\/v2\/pages\/332\/revisions"}],"predecessor-version":[{"id":602,"href":"https:\/\/meprec.com.co\/maprec\/wp-json\/wp\/v2\/pages\/332\/revisions\/602"}],"wp:attachment":[{"href":"https:\/\/meprec.com.co\/maprec\/wp-json\/wp\/v2\/media?parent=332"}],"curies":[{"name":"wp","href":"https:\/\/api.w.org\/{rel}","templated":true}]}}